{"id":9,"date":"2023-05-14T18:03:17","date_gmt":"2023-05-14T18:03:17","guid":{"rendered":"https:\/\/sunenish.com\/?page_id=9"},"modified":"2025-12-25T22:31:21","modified_gmt":"2025-12-25T22:31:21","slug":"video","status":"publish","type":"page","link":"https:\/\/sunenish.com\/en\/video\/","title":{"rendered":"Video"},"content":{"rendered":"<div class=\"brz brz-root__container brz-reset-all brz-root__container-page\">\n<section id=\"xqdkbqeweypvlroqjgkfrlhfbwpscqehrngs_xqdkbqeweypvlroqjgkfrlhfbwpscqehrngs\" class=\"brz-section brz-section__header brz-section__header-type--static brz-css-1vb7ink brz-css-joce7w\">\n<div class=\"brz-section__menu-item brz-css-2ukga8 brz-css-dbo3wy\" data-brz-custom-id=\"gflucvoedaojhuqghocrehgxnvsthbpkeoxf\">\n<div class=\"brz-bg\">\n<div class=\"brz-bg-color\"><\/div>\n<\/div>\n<div class=\"brz-container brz-css-4nh8si brz-css-1cz47q4\">\n<div class=\"brz-row__container brz-css-1k3owfd brz-css-uixe4s\" data-brz-custom-id=\"mrivxxxmxgblwdzbcvjzopuazgifpqzdnwfv\">\n<div class=\"brz-row brz-css-glxnce brz-css-1w0d2gk\">\n<div class=\"brz-columns brz-css-3afimf brz-css-wdit6v\" data-brz-custom-id=\"klyrzemqmfgjaqzfiftbuegkzsvkpzsucrvk\">\n<div class=\"brz-column__items brz-css-1fysymk brz-css-535xl9\">\n<div id=\"\" class=\"brz-css-1izdp6a brz-css-1lcm0jg brz-wrapper\">\n<div class=\"brz-image brz-css-1sqr80a brz-css-qnfcoh\" data-brz-custom-id=\"giwfzooanuttocmkldcxopabkcrpqysamncm\"><a class=\"brz-a\" href=\"https:\/\/sunenish.com\/en\/\" target=\"_self\" rel=\"noopener\" data-brz-link-type=\"external\"><img decoding=\"async\" class=\"brz-img\" src=\"https:\/\/sunenish.com\/wp-content\/uploads\/brizy\/imgs\/sunenish-productora-de-video2-92x17x0x0x92x17x1684088091.png\" loading=\"lazy\" title=\"sunenish-productora-audiovisual\"><\/a><\/div>\n<\/div>\n<\/div>\n<\/div>\n<div class=\"brz-columns brz-css-3afimf brz-css-1r50mg6\" data-brz-custom-id=\"jmaqslvutzgtzpzjxdvlyenbauwnyztnuxgb\">\n<div class=\"brz-column__items brz-css-1fysymk brz-css-1yhcnb6\">\n<div id=\"\" class=\"brz-css-1izdp6a brz-css-ebdhm2 brz-wrapper\">\n<div class=\"brz-menu__container brz-css-1sitzzb brz-css-137gjw4\" data-mmenu-id=\"#ywjjkbqqhzsklaheomwylopxmdempfmxtouv_a4f29aa326a837040fa3\" data-mmenu-position=\"position-left\" data-mmenu-title=\"\" data-mmenu-stickytitle=\"on\" data-mmenu-closingicon=\"%7B%22desktop%22%3A%22off%22%2C%22tablet%22%3A%22off%22%2C%22mobile%22%3A%22off%22%7D\" data-brz-custom-id=\"ywjjkbqqhzsklaheomwylopxmdempfmxtouv\">\n<nav data-mods=\"%7B%22desktop%22%3A%22horizontal%22%2C%22tablet%22%3A%22horizontal%22%2C%22mobile%22%3A%22horizontal%22%7D\" class=\"brz-menu brz-menu__preview brz-css-la83m brz-css-yy6rf4\">\n<ul class=\"brz-menu__ul\" data-menu-items-active=\"\">\n<li data-menu-item-id=\"37d45a271ecd1c76b7e1cc56fdaad458\" class=\"brz-menu__item menu-item menu-item-type-custom menu-item-object-custom\"><a class=\"brz-a\" target=\"\" href=\"https:\/\/sunenish.com\/en\/productora-audiovisual-en-los-cabos-branding-film-spots-y-videografia-social-first\/\" title=\"\"><span class=\"brz-span\">ABOUT<\/span><\/a><\/li>\n<li data-menu-item-id=\"e373d5dfe512ce1aa31f69888cc6f442\" class=\"brz-menu__item menu-item menu-item-type-post_type menu-item-object-page\"><a class=\"brz-a\" target=\"\" href=\"https:\/\/sunenish.com\/en\/video\/\" title=\"\"><span class=\"brz-span\">VIDEO<\/span><\/a><\/li>\n<li data-menu-item-id=\"4af1d837babf2cf33bbc5c8ed2de4e85\" class=\"brz-menu__item menu-item menu-item-type-custom menu-item-object-custom\"><a class=\"brz-a\" target=\"\" href=\"https:\/\/sunenish.com\/en\/fotografia\/\" title=\"\"><span class=\"brz-span\">PHOTOGRAPHY<\/span><\/a><\/li>\n<li data-menu-item-id=\"84d5ab85af7a0e152882f9d3ccb10305\" class=\"brz-menu__item menu-item menu-item-type-post_type menu-item-object-page\"><a class=\"brz-a\" target=\"\" href=\"https:\/\/sunenish.com\/en\/contacto\/\" title=\"\"><span class=\"brz-span\">CONTACT US<\/span><\/a><\/li>\n<\/ul>\n<\/nav>\n<div class=\"brz-mm-menu__icon\" data-brz-brz-mmenu-icon=\"off\"><\/div>\n<nav data-mods=\"%7B%22desktop%22%3A%22horizontal%22%2C%22tablet%22%3A%22horizontal%22%2C%22mobile%22%3A%22horizontal%22%7D\" id=\"ywjjkbqqhzsklaheomwylopxmdempfmxtouv_a4f29aa326a837040fa3\" class=\"brz-menu brz-menu__preview brz-menu__mmenu brz-css-a7m965 brz-css-3j9kww\">\n<ul class=\"brz-menu__ul\" data-menu-items-active=\"\">\n<li data-menu-item-id=\"37d45a271ecd1c76b7e1cc56fdaad458\" class=\"brz-menu__item menu-item menu-item-type-custom menu-item-object-custom\"><a class=\"brz-a\" target=\"\" href=\"https:\/\/sunenish.com\/en\/productora-audiovisual-en-los-cabos-branding-film-spots-y-videografia-social-first\/\" title=\"\"><span class=\"brz-span\">ABOUT<\/span><\/a><\/li>\n<li data-menu-item-id=\"e373d5dfe512ce1aa31f69888cc6f442\" class=\"brz-menu__item menu-item menu-item-type-post_type menu-item-object-page\"><a class=\"brz-a\" target=\"\" href=\"https:\/\/sunenish.com\/en\/video\/\" title=\"\"><span class=\"brz-span\">VIDEO<\/span><\/a><\/li>\n<li data-menu-item-id=\"4af1d837babf2cf33bbc5c8ed2de4e85\" class=\"brz-menu__item menu-item menu-item-type-custom menu-item-object-custom\"><a class=\"brz-a\" target=\"\" href=\"https:\/\/sunenish.com\/en\/fotografia\/\" title=\"\"><span class=\"brz-span\">PHOTOGRAPHY<\/span><\/a><\/li>\n<li data-menu-item-id=\"84d5ab85af7a0e152882f9d3ccb10305\" class=\"brz-menu__item menu-item menu-item-type-post_type menu-item-object-page\"><a class=\"brz-a\" target=\"\" href=\"https:\/\/sunenish.com\/en\/contacto\/\" title=\"\"><span class=\"brz-span\">CONTACT US<\/span><\/a><\/li>\n<\/ul>\n<\/nav>\n<\/div>\n<\/div>\n<\/div>\n<\/div>\n<\/div>\n<\/div>\n<\/div>\n<\/div>\n<\/section>\n<section id=\"kg52YtvMvmfF_kg52YtvMvmfF\" class=\"brz-section brz-css-d-section brz-css-10bqeb9\">\n<div class=\"brz-section__content brz-section--boxed brz-css-d-sectionitem-bg brz-css-1ua77hl\" data-brz-custom-id=\"ppO8w0kRzRp4\">\n<div class=\"brz-container brz-css-d-sectionitem-container brz-css-1r4c3ko\">\n<div class=\"brz-row__container brz-css-d-row-row brz-css-qhhtpn\" data-brz-custom-id=\"hwRxsKBoLlaz\">\n<div class=\"brz-row brz-css-d-row-container brz-css-r-row-container brz-css-gx2qke\">\n<div class=\"brz-columns brz-css-d-column-column brz-css-vct1dn\" data-brz-custom-id=\"jqfe3NXbc6qo\">\n<div class=\"brz-column__items brz-css-d-column-bg brz-css-54q1un\"><\/div>\n<\/div>\n<div class=\"brz-columns brz-css-d-column-column brz-css-18khjxw\" data-brz-custom-id=\"vsNREGtKWkvC\">\n<div class=\"brz-column__items brz-css-d-column-bg brz-css-1okx3ul\">\n<div id=\"\" class=\"brz-css-d-wrapper brz-css-cy8xl1 brz-wrapper\">\n<div class=\"brz-rich-text brz-rich-text__custom brz-css-d-richtext brz-css-1vbv382\" data-brz-custom-id=\"zv_PSpiVNU7t\">\n<div data-brz-translate-text=\"1\">\n<p class=\"brz-tp-lg-paragraph brz-css-iEGfn\" data-generated-css=\"brz-css-pavPp\" data-uniq-id=\"bXlAh\"><span class=\"brz-cp-color7\" style=\"background-color: transparent\">Contamos historias con pasi\u00f3n, cuidado y prop\u00f3sito.<\/span><\/p>\n<p class=\"brz-tp-lg-paragraph brz-css-pxaA5\" data-generated-css=\"brz-css-dqIgP\" data-uniq-id=\"lXTzi\"><span class=\"brz-cp-color7\" style=\"background-color: transparent\">Filmamos y fotografiamos documentales, proyectos tur\u00edsticos, proyectos culturales, comerciales, de producto, industria e inmobiliaria.<\/span><\/p>\n<p class=\"brz-tp-lg-paragraph brz-css-oyKkk\" data-generated-css=\"brz-css-boyRc\" data-uniq-id=\"yPeuj\"><span class=\"brz-cp-color7\" style=\"background-color: transparent\">Cada plano busca conectar, generar confianza y hacer que tu historia crezca\u2026 incluso sobre cemento.<\/span><\/p>\n<p class=\"brz-tp-lg-paragraph brz-css-kZBN0\" data-generated-css=\"brz-css-cNHBe\" data-uniq-id=\"ySnWG\"><\/p>\n<\/div>\n<\/div>\n<\/div>\n<\/div>\n<\/div>\n<\/div>\n<\/div>\n<\/div>\n<\/div>\n<\/section>\n<section id=\"qmreWp1mRv0m_qmreWp1mRv0m\" class=\"brz-section brz-css-d-section brz-css-v3qax5\">\n<div class=\"brz-section__content brz-section--boxed brz-css-d-sectionitem-bg brz-css-fzaerr\" data-brz-custom-id=\"gO2IVtI5T_Xu\">\n<div class=\"brz-bg\">\n<div class=\"brz-bg-image brz-bg-image-parallax\"><\/div>\n<\/div>\n<div class=\"brz-container brz-css-d-sectionitem-container brz-css-10uhkws\">\n<div id=\"\" class=\"brz-css-d-wrapper brz-css-r-wrapper brz-css-10dtyl2 brz-wrapper\">\n<div class=\"brz-spacer brz-css-d-spacer brz-css-12axz2r\"><\/div>\n<\/div>\n<div class=\"brz-wrapper-clone brz-flex-xs-wrap brz-css-d-cloneable brz-css-6yqb97\" data-brz-custom-id=\"eEGRm1B_rWaw\"><a class=\"brz-a brz-btn brz-css-d-button brz-css-89zzyt brz-css-d-button-bg brz-css-xnlaxr\" target=\"_self\" rel=\"noopener\" href=\"https:\/\/sunenish.com\/en\/video\/turismo-galeria\/\" data-brz-link-type=\"page\" data-brz-custom-id=\"h7LylLKxda7F\"><span data-brz-translate-text=\"1\" class=\"brz-span brz-text__editor\">TOURISM<\/span><\/a><\/div>\n<\/div>\n<\/div>\n<\/section>\n<section id=\"oKCi2Uyjuk0T_oKCi2Uyjuk0T\" class=\"brz-section brz-css-d-section brz-css-iocda4\">\n<div class=\"brz-section__content brz-section--boxed brz-css-d-sectionitem-bg brz-css-yyejeu\" data-brz-custom-id=\"bk0sHgAxzs8k\">\n<div class=\"brz-bg\">\n<div class=\"brz-bg-image\"><\/div>\n<\/div>\n<div class=\"brz-container brz-css-d-sectionitem-container brz-css-1x2n4nn\">\n<div id=\"\" class=\"brz-css-d-wrapper brz-css-r-wrapper brz-css-16kzygo brz-wrapper\">\n<div class=\"brz-spacer brz-css-d-spacer brz-css-irx0ls\"><\/div>\n<\/div>\n<div class=\"brz-wrapper-clone brz-flex-xs-wrap brz-css-d-cloneable brz-css-lzdnxe\" data-brz-custom-id=\"uPG5ddgRT3jK\"><a class=\"brz-a brz-btn brz-css-d-button brz-css-saingt brz-css-d-button-bg brz-css-pc6fsd\" target=\"_self\" rel=\"noopener\" href=\"https:\/\/sunenish.com\/en\/video\/eventos-galeria\/\" data-brz-link-type=\"page\" data-brz-custom-id=\"h3zboWwMA10_\"><span data-brz-translate-text=\"1\" class=\"brz-span brz-text__editor\">EVENTS<\/span><\/a><\/div>\n<\/div>\n<\/div>\n<\/section>\n<section id=\"oyrtlevufajxeujnnlrmwqihsuytjppizftp_oyrtlevufajxeujnnlrmwqihsuytjppizftp\" class=\"brz-section brz-css-d-section brz-css-1ghemzl\">\n<div class=\"brz-section__content brz-section--boxed brz-css-d-sectionitem-bg brz-css-498po7\" data-brz-custom-id=\"npygdzeconpxwiewzlystdeoqzduszelagxx\">\n<div class=\"brz-bg\">\n<div class=\"brz-bg-image\"><\/div>\n<\/div>\n<div class=\"brz-container brz-css-d-sectionitem-container brz-css-bugpvs\">\n<div id=\"\" class=\"brz-css-d-wrapper brz-css-r-wrapper brz-css-1qi3q7d brz-wrapper\">\n<div class=\"brz-spacer brz-css-d-spacer brz-css-opwwpb\"><\/div>\n<\/div>\n<div class=\"brz-wrapper-clone brz-flex-xs-wrap brz-css-d-cloneable brz-css-1ejeipy\" data-brz-custom-id=\"tomhbpchvcbyulvrjxnwwxthpannwggzosjl\"><a class=\"brz-a brz-btn brz-css-d-button brz-css-18vgdj4 brz-css-d-button-bg brz-css-1co3ogq\" target=\"_blank\" rel=\"noopener noreferrer\" href=\"https:\/\/sunenish.com\/en\/video\/arte-y-cultura-galeria\/\" data-brz-link-type=\"page\" data-brz-custom-id=\"ocunzabflymqnkryvocemfmiuprhdliwbhqk\"><span data-brz-translate-text=\"1\" class=\"brz-span brz-text__editor\">ART AND CULTURE<\/span><\/a><\/div>\n<\/div>\n<\/div>\n<\/section>\n<section id=\"vLJY12bTcHDb_vLJY12bTcHDb\" class=\"brz-section brz-css-d-section brz-css-4jpieb\">\n<div class=\"brz-section__content brz-section--boxed brz-css-d-sectionitem-bg brz-css-1unvkmk\" data-brz-custom-id=\"wWM0KuFLOeRa\">\n<div class=\"brz-bg\">\n<div class=\"brz-bg-image\"><\/div>\n<div class=\"brz-bg-color\"><\/div>\n<\/div>\n<div class=\"brz-container brz-css-d-sectionitem-container brz-css-tvhlvc\">\n<div id=\"\" class=\"brz-css-d-wrapper brz-css-r-wrapper brz-css-13uee4 brz-wrapper\">\n<div class=\"brz-spacer brz-css-d-spacer brz-css-1x4ct5z\"><\/div>\n<\/div>\n<div class=\"brz-wrapper-clone brz-flex-xs-wrap brz-css-d-cloneable brz-css-1p1ij3k\" data-brz-custom-id=\"niUjk4dxeNv0\"><a class=\"brz-a brz-btn brz-css-d-button brz-css-dm0iwg brz-css-d-button-bg brz-css-1ydlr02\" target=\"_self\" rel=\"noopener\" href=\"https:\/\/sunenish.com\/en\/video\/inmobiliaria-galeria\/\" data-brz-link-type=\"page\" data-brz-custom-id=\"qk2xP8qDoLrn\"><span data-brz-translate-text=\"1\" class=\"brz-span brz-text__editor\">REAL ESTATE<\/span><\/a><\/div>\n<\/div>\n<\/div>\n<\/section>\n<section id=\"vhadespyhmynxfuhcsntgfdowocmwxvgrkzm_vhadespyhmynxfuhcsntgfdowocmwxvgrkzm\" class=\"brz-section brz-css-d-section brz-css-1nn7ct9\">\n<div class=\"brz-section__content brz-section--boxed brz-css-d-sectionitem-bg brz-css-ldgz32\" data-brz-custom-id=\"dflknyworzwbiglptwgptumyrrqrhvioibkm\">\n<div class=\"brz-bg\">\n<div class=\"brz-bg-image brz-bg-image-parallax\"><\/div>\n<\/div>\n<div class=\"brz-container brz-css-d-sectionitem-container brz-css-1aip82f\">\n<div id=\"\" class=\"brz-css-d-wrapper brz-css-r-wrapper brz-css-1sjd4u8 brz-wrapper\">\n<div class=\"brz-spacer brz-css-d-spacer brz-css-1bz3w71\"><\/div>\n<\/div>\n<div class=\"brz-wrapper-clone brz-flex-xs-wrap brz-css-d-cloneable brz-css-18er02u\" data-brz-custom-id=\"tclzlszydjcisrfskxfkzenkkgnsxfjszbfd\"><a class=\"brz-a brz-btn brz-css-d-button brz-css-t5b0g8 brz-css-d-button-bg brz-css-126tub1\" target=\"_self\" rel=\"noopener\" href=\"https:\/\/sunenish.com\/en\/video\/documental-galeria\/\" data-brz-link-type=\"page\" data-brz-custom-id=\"cncwvddxjtanigcortrhynplvhwnghktselm\"><span data-brz-translate-text=\"1\" class=\"brz-span brz-text__editor\">DOCUMENTARY<\/span><\/a><\/div>\n<\/div>\n<\/div>\n<\/section>\n<footer id=\"wobhceyvnwaqprydzirclgkrtzizqeagzjph_wobhceyvnwaqprydzirclgkrtzizqeagzjph\" class=\"brz-footer brz-css-d-sectionfooter-section brz-css-1dujjep\" data-brz-custom-id=\"wobhceyvnwaqprydzirclgkrtzizqeagzjph\">\n<div class=\"brz-container brz-css-d-sectionfooter-container brz-css-kaj4ra\">\n<div class=\"brz-row__container brz-css-d-row-row brz-css-1ldm3xv\" data-brz-custom-id=\"brafjdjvrifmdrexuzmawxpnpuwskduoveqv\">\n<div class=\"brz-row brz-css-d-row-container brz-css-k5y3s\">\n<div class=\"brz-columns brz-css-d-column-column brz-css-1ghwwxh\" data-brz-custom-id=\"auguwscrbzfznkeocqrrocmulgjkuomcxugj\">\n<div class=\"brz-column__items brz-css-d-column-bg brz-css-hdmmuy\">\n<div id=\"\" class=\"brz-css-d-wrapper brz-css-16g3b9j brz-wrapper\">\n<div class=\"brz-rich-text brz-rich-text__custom brz-css-d-richtext brz-css-8jjyyz\" data-brz-custom-id=\"vmmfmlgjyygupwwhpukrviwievpkjeivefyh\">\n<div data-brz-translate-text=\"1\">\n<p class=\"brz-fw-lg-400 brz-fss-lg-px brz-fs-lg-10 brz-ft-google brz-ff-source_sans_pro brz-tp-lg-empty brz-lh-lg-1_5 brz-ls-lg-1_1 brz-text-lg-justify brz-ls-sm-2 brz-fs-sm-13 brz-lh-sm-1_7 brz-text-sm-center brz-fw-sm-700 brz-text-xs-right brz-ls-xs-2 brz-lh-xs-1_7 brz-tp-xs-empty brz-fs-xs-16 brz-fss-xs-px brz-fw-xs-400 brz-css-hHomz\" data-generated-css=\"brz-css-punan\" data-uniq-id=\"xatbi\"><span class=\"brz-cp-color2\">CONTACT US<\/span><\/p>\n<\/div>\n<\/div>\n<\/div>\n<div id=\"\" class=\"brz-css-d-wrapper brz-css-18ezxd3 brz-wrapper\">\n<div class=\"brz-rich-text brz-rich-text__custom brz-css-d-richtext brz-css-106jwgo\" data-brz-custom-id=\"dbmtuobtgcbvbckqyvoresdzymzirybpgtto\">\n<div data-brz-translate-text=\"1\">\n<p class=\"brz-lh-xs-1_9 brz-ls-xs-0 brz-fw-xs-400 brz-fss-xs-px brz-fs-xs-14 brz-tp-xs-empty brz-text-xs-right brz-mt-lg-0 brz-fss-lg-px brz-fw-lg-400 brz-ls-lg-0 brz-lh-lg-1_9 brz-tp-lg-empty brz-ff-source_sans_pro brz-ft-google brz-fs-lg-13 brz-css-oshAp\" data-uniq-id=\"zsfhm\" data-generated-css=\"brz-css-scuxy\">sunenishh@gmail.com<\/p>\n<\/div>\n<\/div>\n<\/div>\n<\/div>\n<\/div>\n<div class=\"brz-columns brz-css-d-column-column brz-css-17wqi9v\" data-brz-custom-id=\"qljxrgmfbadzfomwyppifbzvybcusdxywekm\">\n<div class=\"brz-column__items brz-css-d-column-bg brz-css-m96c23\">\n<div id=\"\" class=\"brz-css-d-wrapper brz-css-mr0c8z brz-wrapper\">\n<div class=\"brz-rich-text brz-rich-text__custom brz-css-d-richtext brz-css-1gwuuu2\" data-brz-custom-id=\"squtewkplkgcikbwsyzkxpplodrgfqhnmfuf\">\n<div data-brz-translate-text=\"1\">\n<p class=\"brz-fw-lg-400 brz-fss-lg-px brz-fs-lg-10 brz-ft-google brz-ff-source_sans_pro brz-tp-lg-empty brz-lh-lg-1_5 brz-ls-lg-1_1 brz-text-lg-justify brz-fw-xs-700 brz-text-xs-center brz-ls-xs-2 brz-ls-sm-2 brz-fs-sm-13 brz-lh-sm-1_7 brz-fs-xs-13 brz-lh-xs-1_7 brz-text-sm-center brz-fw-sm-700 brz-css-eugMd\" data-generated-css=\"brz-css-oojin\" data-uniq-id=\"ulfcn\"><\/p>\n<\/div>\n<\/div>\n<\/div>\n<div id=\"\" class=\"brz-css-d-wrapper brz-css-83rhx6 brz-wrapper\">\n<div class=\"brz-rich-text brz-rich-text__custom brz-css-d-richtext brz-css-arw4ln\" data-brz-custom-id=\"gvxlecxfouqrdlvjnepimxhacctsfkkrvpam\">\n<div data-brz-translate-text=\"1\">\n<p class=\"brz-fw-lg-300 brz-fss-lg-px brz-fs-lg-11 brz-ft-google brz-ff-source_sans_pro brz-tp-lg-empty brz-lh-lg-1_9 brz-ls-lg-0 brz-mt-lg-0 brz-text-xs-right brz-mt-xs-0 brz-fss-xs-px brz-fw-xs-300 brz-ls-xs-0 brz-lh-xs-1_9 brz-tp-xs-empty brz-fs-xs-13 brz-css-tUT51\" data-generated-css=\"brz-css-zxswl\" data-uniq-id=\"mroly\"><a class=\"brz-cp-color2 link--external\" style=\"opacity: 1\" href=\"https:\/\/www.instagram.com\/sunenishh\/\" data-brz-link-type=\"external\" target=\"_blank\" rel=\"noopener\">Instagram<\/a><\/p>\n<\/div>\n<\/div>\n<\/div>\n<\/div>\n<\/div>\n<div class=\"brz-columns brz-css-d-column-column brz-css-133yg42\" data-brz-custom-id=\"seksrdepamcpblbkqbikrzdbqksqqagkndqe\">\n<div class=\"brz-column__items brz-css-d-column-bg brz-css-v3wf4p\">\n<div id=\"\" class=\"brz-css-d-wrapper brz-css-xemqsc brz-wrapper\">\n<div class=\"brz-rich-text brz-rich-text__custom brz-css-d-richtext brz-css-xg4io4\" data-brz-custom-id=\"jppqzoutipamuzkkxnuhpnahomarnsbgbcyx\">\n<div data-brz-translate-text=\"1\">\n<p class=\"brz-fw-lg-400 brz-fss-lg-px brz-fs-lg-10 brz-ft-google brz-ff-source_sans_pro brz-tp-lg-empty brz-lh-lg-1_5 brz-ls-lg-1_1 brz-text-lg-justify brz-fw-xs-700 brz-text-xs-center brz-ls-xs-2 brz-ls-sm-2 brz-fs-sm-13 brz-lh-sm-1_7 brz-fs-xs-13 brz-lh-xs-1_7 brz-text-sm-center brz-fw-sm-700 brz-css-aIYHM\" data-generated-css=\"brz-css-oojin\" data-uniq-id=\"ulfcn\"><\/p>\n<\/div>\n<\/div>\n<\/div>\n<div id=\"\" class=\"brz-css-d-wrapper brz-css-18b51kx brz-wrapper\">\n<div class=\"brz-rich-text brz-rich-text__custom brz-css-d-richtext brz-css-3vfjon\" data-brz-custom-id=\"zsprbpkjnpsxvlzqekbbmtajhxoijusdjtpt\">\n<div data-brz-translate-text=\"1\">\n<p class=\"brz-lh-lg-1_9 brz-ls-lg-0 brz-fw-lg-300 brz-fss-lg-px brz-fs-lg-11 brz-ft-google brz-ff-source_sans_pro brz-tp-lg-empty brz-mt-lg-0 brz-text-xs-right brz-fss-xs-px brz-fw-xs-300 brz-ls-xs-0 brz-lh-xs-1_9 brz-tp-xs-empty brz-fs-xs-13 brz-css-pLRyd\" data-generated-css=\"brz-css-usnpo\" data-uniq-id=\"uqysu\"><a class=\"link--external brz-cp-color2\" style=\"opacity: 1\" href=\"https:\/\/wa.me\/+5214421319992\" data-brz-link-type=\"external\" target=\"_blank\" rel=\"noreferrer noopener\">whatshap<\/a><\/p>\n<\/div>\n<\/div>\n<\/div>\n<\/div>\n<\/div>\n<div class=\"brz-columns brz-css-d-column-column brz-css-5gqmyj\" data-brz-custom-id=\"ejeabcerhebztlzzrrpajtiqphbpeymyntec\">\n<div class=\"brz-column__items brz-css-d-column-bg brz-css-1wahlkv\">\n<div id=\"\" class=\"brz-css-d-wrapper brz-css-130nbs9 brz-wrapper\">\n<div class=\"brz-rich-text brz-rich-text__custom brz-css-d-richtext brz-css-1n9vlri\" data-brz-custom-id=\"cbghqgcptmugsrbdzwxwdwenofwnobvazngi\">\n<div data-brz-translate-text=\"1\">\n<p class=\"brz-fw-lg-400 brz-fss-lg-px brz-fs-lg-10 brz-ft-google brz-ff-source_sans_pro brz-tp-lg-empty brz-lh-lg-1_5 brz-ls-lg-1_1 brz-text-lg-justify brz-fw-xs-700 brz-text-xs-center brz-ls-xs-2 brz-ls-sm-2 brz-fs-sm-13 brz-lh-sm-1_7 brz-fs-xs-13 brz-lh-xs-1_7 brz-text-sm-center brz-fw-sm-700 brz-css-oFiQN\" data-generated-css=\"brz-css-oojin\" data-uniq-id=\"ulfcn\"><\/p>\n<\/div>\n<\/div>\n<\/div>\n<div id=\"\" class=\"brz-css-d-wrapper brz-css-1eemy34 brz-wrapper\">\n<div class=\"brz-rich-text brz-rich-text__custom brz-css-d-richtext brz-css-hknst0\" data-brz-custom-id=\"ylqqddwyzudukndidjigyphgqzbmlwrasbyz\">\n<div data-brz-translate-text=\"1\">\n<p class=\"brz-fs-xs-14 brz-tp-xs-empty brz-lh-xs-1_9 brz-ls-xs-0 brz-fw-xs-300 brz-fss-xs-px brz-text-xs-right brz-mt-lg-0 brz-fss-lg-px brz-fw-lg-400 brz-ls-lg-0 brz-lh-lg-1_9 brz-tp-lg-empty brz-ff-source_sans_pro brz-ft-google brz-fs-lg-13 brz-text-lg-right brz-css-lhpEq\" data-generated-css=\"brz-css-fhxVI\" data-uniq-id=\"qLWuV\"><span>\u00a92026 Sunenish <\/span><\/p>\n<\/div>\n<\/div>\n<\/div>\n<\/div>\n<\/div>\n<\/div>\n<\/div>\n<\/div>\n<\/footer><\/div>\n<p><!-- version:1765132294 --><\/p>","protected":false},"excerpt":{"rendered":"<p>ABOUT VIDEO FOTO CONTACTO ABOUT VIDEO FOTO CONTACTO Contamos historias con pasi\u00f3n, cuidado y prop\u00f3sito. Filmamos y fotografiamos documentales, proyectos tur\u00edsticos, proyectos culturales, comerciales, de producto, industria e inmobiliaria. Cada plano busca conectar, generar confianza y hacer que tu historia crezca\u2026 incluso sobre cemento. TURISMO EVENTOS ARTE Y CULTURA INMOBILIARIA DOCUMENTAL CONTACTO sunenishh@gmail.com Instagram whatshap [&hellip;]<\/p>\n","protected":false},"author":1,"featured_media":0,"parent":0,"menu_order":0,"comment_status":"closed","ping_status":"closed","template":"brizy-blank-template.php","meta":{"_monsterinsights_skip_tracking":false,"_monsterinsights_sitenote_active":false,"_monsterinsights_sitenote_note":"","_monsterinsights_sitenote_category":0,"footnotes":""},"class_list":["post-9","page","type-page","status-publish","hentry"],"brizy_media":[{"id":535,"url":"https:\/\/sunenish.com\/wp-content\/uploads\/2023\/05\/Mesa-de-trabajo-8profile.jpg","name":"Mesa-de-trabajo-8profile.jpg","meta":{"brizy_attachment_uid":"wp-9e5003e849a42bc35e9174a7c4b8d248.jpg","brizy_post_uid":["d2c24c37e01611bfab1f9fac6f66e933","524a53ad4fe0b2bed67c40cf65f8ccd4"]}},{"id":963,"url":"https:\/\/sunenish.com\/wp-content\/uploads\/2023\/05\/productora-audiovisual-arte-cultura.jpg","name":"productora-audiovisual-arte-cultura.jpg","meta":{"brizy_attachment_uid":"wp-369a5f96ea940fb87bcc2519ae3dbc20.jpg","brizy_post_uid":["524a53ad4fe0b2bed67c40cf65f8ccd4"]}},{"id":967,"url":"https:\/\/sunenish.com\/wp-content\/uploads\/2023\/05\/reel-sunenish-productora-audiovisual.jpg","name":"reel-sunenish-productora-audiovisual.jpg","meta":{"brizy_attachment_uid":"wp-4853d0aab223bc46c344ac7e2abee31b.jpg","brizy_post_uid":["524a53ad4fe0b2bed67c40cf65f8ccd4","92233a22f3d3b7059ff5e077e7a40c08"]}},{"id":968,"url":"https:\/\/sunenish.com\/wp-content\/uploads\/2023\/05\/docu-sunenish-productora-audiovisual.jpg","name":"docu-sunenish-productora-audiovisual.jpg","meta":{"brizy_attachment_uid":"wp-3307c4c9ebf1b49bd674f16f87aa16f1.jpg","brizy_post_uid":["524a53ad4fe0b2bed67c40cf65f8ccd4"]}},{"id":969,"url":"https:\/\/sunenish.com\/wp-content\/uploads\/2023\/05\/comercial-sunenish-productora-audiovisual.jpg","name":"comercial-sunenish-productora-audiovisual.jpg","meta":{"brizy_attachment_uid":"wp-c059175eeabdac0cc7ace0aed3460c96.jpg","brizy_post_uid":["524a53ad4fe0b2bed67c40cf65f8ccd4"]}},{"id":1128,"url":"https:\/\/sunenish.com\/wp-content\/uploads\/2024\/07\/CORTES-CARLA.00_26_43_20.Still003.jpg","name":"CORTES-CARLA.00_26_43_20.Still003.jpg","meta":{"brizy_attachment_uid":"wp-d804305053df5079bbedd07832d89639.jpg","brizy_post_uid":["725e2fc2bbd39d34d5e02464a006c22b","524a53ad4fe0b2bed67c40cf65f8ccd4"]}},{"id":1146,"url":"https:\/\/sunenish.com\/wp-content\/uploads\/2024\/07\/CORTES-CARLA.00_18_07_02.Still001.jpg","name":"CORTES-CARLA.00_18_07_02.Still001.jpg","meta":{"brizy_attachment_uid":"wp-85cbf07cca170c928a3e673282f45770.jpg","brizy_post_uid":["524a53ad4fe0b2bed67c40cf65f8ccd4"]}},{"id":1150,"url":"https:\/\/sunenish.com\/wp-content\/uploads\/2024\/07\/Still-TURISMO-1-scaled.jpg","name":"Still-TURISMO-1.jpg","meta":{"brizy_attachment_uid":"wp-b9c0035a6acfe6f90ecb17ba4696f0f8.jpg","brizy_post_uid":["524a53ad4fe0b2bed67c40cf65f8ccd4"]}},{"id":1151,"url":"https:\/\/sunenish.com\/wp-content\/uploads\/2024\/07\/1ER-Corte-hda.00_00_01_21.Still001-1.jpg","name":"1ER-Corte-hda.00_00_01_21.Still001-1.jpg","meta":{"brizy_attachment_uid":"wp-98667e58f5e55e452866643972a91b55.jpg","brizy_post_uid":["524a53ad4fe0b2bed67c40cf65f8ccd4"]}},{"id":1210,"url":"https:\/\/sunenish.com\/wp-content\/uploads\/2024\/10\/uxmal-sunenish.png","name":"uxmal-sunenish.png","meta":{"brizy_attachment_uid":"wp-2378171c5c436209651b3ca2f5a26b1f.png","brizy_post_uid":["92233a22f3d3b7059ff5e077e7a40c08","524a53ad4fe0b2bed67c40cf65f8ccd4"]}},{"id":1756,"url":"https:\/\/sunenish.com\/wp-content\/uploads\/2025\/11\/d03-Img-Lipstick.jpg","name":"d03-Img-Lipstick.jpg","meta":{"brizy_attachment_uid":"d03-Img-Lipstick.jpg","brizy_post_uid":["524a53ad4fe0b2bed67c40cf65f8ccd4"]}}],"_links":{"self":[{"href":"https:\/\/sunenish.com\/en\/wp-json\/wp\/v2\/pages\/9","targetHints":{"allow":["GET"]}}],"collection":[{"href":"https:\/\/sunenish.com\/en\/wp-json\/wp\/v2\/pages"}],"about":[{"href":"https:\/\/sunenish.com\/en\/wp-json\/wp\/v2\/types\/page"}],"author":[{"embeddable":true,"href":"https:\/\/sunenish.com\/en\/wp-json\/wp\/v2\/users\/1"}],"replies":[{"embeddable":true,"href":"https:\/\/sunenish.com\/en\/wp-json\/wp\/v2\/comments?post=9"}],"version-history":[{"count":30,"href":"https:\/\/sunenish.com\/en\/wp-json\/wp\/v2\/pages\/9\/revisions"}],"predecessor-version":[{"id":2078,"href":"https:\/\/sunenish.com\/en\/wp-json\/wp\/v2\/pages\/9\/revisions\/2078"}],"wp:attachment":[{"href":"https:\/\/sunenish.com\/en\/wp-json\/wp\/v2\/media?parent=9"}],"curies":[{"name":"wp","href":"https:\/\/api.w.org\/{rel}","templated":true}]}}